{"id":259,"date":"2018-08-13T09:23:54","date_gmt":"2018-08-13T12:23:54","guid":{"rendered":"https:\/\/valesistemas.net\/?page_id=259"},"modified":"2023-01-11T14:42:49","modified_gmt":"2023-01-11T17:42:49","slug":"ihm","status":"publish","type":"page","link":"https:\/\/valesistemas.net\/?page_id=259","title":{"rendered":"IHM"},"content":{"rendered":"\n\t\t\t\t <a href=\"https:\/\/valesistemas.net\/wp-content\/uploads\/2020\/12\/DELTA_IA-HMI_DOP-107WV_P_F_20160707-2.png\" target=\"_self\" rel=\"noopener noreferrer\">\n\t\t\t\t\t <img loading=\"lazy\" decoding=\"async\" width=\"1203\" height=\"834\" src=\"https:\/\/valesistemas.net\/wp-content\/uploads\/2020\/12\/DELTA_IA-HMI_DOP-107WV_P_F_20160707-2.png\" alt=\"\" srcset=\"https:\/\/valesistemas.net\/wp-content\/uploads\/2020\/12\/DELTA_IA-HMI_DOP-107WV_P_F_20160707-2.png 1203w, https:\/\/valesistemas.net\/wp-content\/uploads\/2020\/12\/DELTA_IA-HMI_DOP-107WV_P_F_20160707-2-300x208.png 300w, https:\/\/valesistemas.net\/wp-content\/uploads\/2020\/12\/DELTA_IA-HMI_DOP-107WV_P_F_20160707-2-768x532.png 768w, https:\/\/valesistemas.net\/wp-content\/uploads\/2020\/12\/DELTA_IA-HMI_DOP-107WV_P_F_20160707-2-1024x710.png 1024w\" sizes=\"auto, (max-width: 1203px) 100vw, 1203px\" \/>\t\t\t\t <\/a>\n\t\t\t\t <a href=\"https:\/\/valesistemas.net\/wp-content\/uploads\/2020\/12\/DELTA_IA-HMI_DOP-100_P_S_20160711.png\" target=\"_self\" rel=\"noopener noreferrer\">\n\t\t\t\t\t <img loading=\"lazy\" decoding=\"async\" width=\"800\" height=\"537\" src=\"https:\/\/valesistemas.net\/wp-content\/uploads\/2020\/12\/DELTA_IA-HMI_DOP-100_P_S_20160711.png\" alt=\"\" srcset=\"https:\/\/valesistemas.net\/wp-content\/uploads\/2020\/12\/DELTA_IA-HMI_DOP-100_P_S_20160711.png 800w, https:\/\/valesistemas.net\/wp-content\/uploads\/2020\/12\/DELTA_IA-HMI_DOP-100_P_S_20160711-300x201.png 300w, https:\/\/valesistemas.net\/wp-content\/uploads\/2020\/12\/DELTA_IA-HMI_DOP-100_P_S_20160711-768x516.png 768w\" sizes=\"auto, (max-width: 800px) 100vw, 800px\" \/>\t\t\t\t <\/a>\n <h3>\n\t\t<strong> IHM DELTA Serie DOP-100 <\/strong>\n\t<\/h3>\n\t<p>S\u00e9rie DOP-100<\/p>\n<p>&nbsp;<\/p>\n<p>A s\u00e9rie DOP-100 de interface homem-m\u00e1quina com Ethernet avan\u00e7ada da Delta adota o mais recente processador de alta velocidade Cortex-A8 e painel de exibi\u00e7\u00e3o com alto brilho, alto contraste e alta taxa de cores. Com a pr\u00f3xima era da manufatura inteligente, os aplicativos em nuvem est\u00e3o se tornando mais populares. Para clientes que d\u00e3o os primeiros passos na nuvem, a s\u00e9rie DOP-100 tem Ethernet integrada e outras fun\u00e7\u00f5es de rede relacionadas, inclusive FTP, e-Mail, monitoramento remoto e controle com VNC (computa\u00e7\u00e3o de rede virtual), al\u00e9m de NTP (protocolos de tempo de rede). A s\u00e9rie DOP-100 \u00e9 compat\u00edvel com entrada de 16 idiomas para proporcionar uma opera\u00e7\u00e3o localizada para clientes globais.<\/p>\n\t\t\t<a href=\"https:\/\/valesistemas.store\" target=\"_self\" role=\"button\" rel=\"noopener noreferrer\">\n\t\t\t\t\t\tVisite nossa loja\n\t\t\t\t\t<\/a>\n\t\t\t\t <a href=\"https:\/\/valesistemas.net\/wp-content\/uploads\/2020\/12\/DOP-W10_P_45_20140521.png\" target=\"_self\" rel=\"noopener noreferrer\">\n\t\t\t\t\t <img loading=\"lazy\" decoding=\"async\" width=\"1000\" height=\"884\" src=\"https:\/\/valesistemas.net\/wp-content\/uploads\/2020\/12\/DOP-W10_P_45_20140521.png\" alt=\"\" srcset=\"https:\/\/valesistemas.net\/wp-content\/uploads\/2020\/12\/DOP-W10_P_45_20140521.png 1000w, https:\/\/valesistemas.net\/wp-content\/uploads\/2020\/12\/DOP-W10_P_45_20140521-300x265.png 300w, https:\/\/valesistemas.net\/wp-content\/uploads\/2020\/12\/DOP-W10_P_45_20140521-768x679.png 768w\" sizes=\"auto, (max-width: 1000px) 100vw, 1000px\" \/>\t\t\t\t <\/a>\n <h3>\n\t\t<strong> IHM DELTA Serie DOP-W <\/strong>\n\t<\/h3>\n\t<p>S\u00e9rie DOP-W<\/p>\n<p>A s\u00e9rie DOP-W \u00e9 uma interface homem-m\u00e1quina (IHM) grande que conta com tela sens\u00edvel ao toque de alta resolu\u00e7\u00e3o e alto brilho fornecida nos tamanhos 10,4&#8243;, 12&#8243; e 15&#8243;. Com o processador Cortex-A8 mais recente para ondas de pulso de at\u00e9 1 GHz, a s\u00e9rie DOP-W fornece alto desempenho com resposta r\u00e1pida. Seu gabinete de alum\u00ednio robusto conta com certifica\u00e7\u00e3o CE e protege contra vibra\u00e7\u00f5es e mudan\u00e7as na temperatura do ambiente, e conta com um painel frontal IP65 \u00e0 prova d&#8217;\u00e1gua para ambientes hostis. Alto-falantes est\u00e9reos aumentam a utilidade e a flexibilidade. A s\u00e9rie DOP-W est\u00e1 em conformidade com as normas de seguran\u00e7a CE e UL e fornece uma solu\u00e7\u00e3o eficiente e competitiva para atender \u00e0s necessidades dos clientes em uma ampla variedade de aplica\u00e7\u00f5es de automa\u00e7\u00e3o industrial de alta tecnologia.<\/p>\n\t\t\t<a href=\"https:\/\/valesistemas.store\" target=\"_self\" role=\"button\" rel=\"noopener noreferrer\">\n\t\t\t\t\t\tVisite nossa loja\n\t\t\t\t\t<\/a>\n<h3>\n\t\t<strong> IHM DELTA Serie DOP-W <\/strong>\n\t<\/h3>\n\t<table width=\"815\">\n<tbody>\n<tr>\n<td width=\"82\">Descric\u00e3o<\/td>\n<td width=\"56\">Tamanho Tela<\/td>\n<td width=\"71\">Resolu\u00e7\u00e3o<\/td>\n<td width=\"48\">Flash ROM (Bytes)<\/td>\n<td width=\"44\">Portas COM<\/td>\n<td width=\"38\">Porta USB<\/td>\n<td width=\"52\">Porta Ethernet<\/td>\n<td width=\"116\">Dim. L x A x P (mm)<\/td>\n<td width=\"118\">Medidas Corte\u00a0 L x A\u00a0 (mm)<\/td>\n<\/tr>\n<tr>\n<td>DOP-103BQ<\/td>\n<td width=\"56\">4,3\u2033<\/td>\n<td width=\"71\">480 X 272<\/td>\n<td width=\"48\">256MB<\/td>\n<td width=\"44\">1<\/td>\n<td width=\"38\">1<\/td>\n<td width=\"52\">0<\/td>\n<td width=\"116\">137 x 103 x 31<\/td>\n<td width=\"118\">\u00a0118.8 x 92.8<\/td>\n<\/tr>\n<tr>\n<td>DOP-103WQ<\/td>\n<td width=\"56\">4,3\u201d<\/td>\n<td width=\"71\">480 x 272<\/td>\n<td width=\"48\">256MB<\/td>\n<td width=\"44\">2<\/td>\n<td width=\"38\">2<\/td>\n<td width=\"52\">1<\/td>\n<td width=\"116\">137 x 103 x 31<\/td>\n<td width=\"118\">118.8 x 92.8<\/td>\n<\/tr>\n<tr>\n<td>DOP-107BV<\/td>\n<td width=\"56\">7,0\u2033<\/td>\n<td width=\"71\">800 x 480<\/td>\n<td width=\"48\">256MB<\/td>\n<td width=\"44\">2<\/td>\n<td width=\"38\">2<\/td>\n<td width=\"52\">0<\/td>\n<td width=\"116\">215 x 161 x 35.5<\/td>\n<td width=\"118\">196 x 142.9<\/td>\n<\/tr>\n<tr>\n<td>DOP-107CV<\/td>\n<td width=\"56\">7,0\u2033<\/td>\n<td width=\"71\">801 x 480<\/td>\n<td width=\"48\">256MB<\/td>\n<td width=\"44\">3<\/td>\n<td width=\"38\">2<\/td>\n<td width=\"52\">0<\/td>\n<td width=\"116\">215 x 161 x 61.2<\/td>\n<td width=\"118\">196.9 x 142.9<\/td>\n<\/tr>\n<tr>\n<td>DOP-107DV<\/td>\n<td width=\"56\">7,0\u2033<\/td>\n<td width=\"71\">802 x 480<\/td>\n<td width=\"48\">256MB<\/td>\n<td width=\"44\">3<\/td>\n<td width=\"38\">2<\/td>\n<td width=\"52\">1<\/td>\n<td width=\"116\">215 x 161 x 35.5<\/td>\n<td width=\"118\">196 x 142.9<\/td>\n<\/tr>\n<tr>\n<td>DOP-107EG<\/td>\n<td width=\"56\">7.0\u2033<\/td>\n<td width=\"71\">800 X 600<\/td>\n<td width=\"48\">256MB<\/td>\n<td width=\"44\">3<\/td>\n<td width=\"38\">2<\/td>\n<td width=\"52\">1<\/td>\n<td width=\"116\">184 x 144 x 50<\/td>\n<td width=\"118\">\u00a0172.4 x 132.4<\/td>\n<\/tr>\n<tr>\n<td>DOP-107EV<\/td>\n<td width=\"56\">7.0\u2033<\/td>\n<td width=\"71\">800 x 480<\/td>\n<td width=\"48\">256MB<\/td>\n<td width=\"44\">3<\/td>\n<td width=\"38\">2<\/td>\n<td width=\"52\">1<\/td>\n<td width=\"116\">215 x 165 x 50<\/td>\n<td width=\"118\">196.9 x 142.9<\/td>\n<\/tr>\n<tr>\n<td>DOP-107WV<\/td>\n<td width=\"56\">7,0\u2033<\/td>\n<td width=\"71\">800 x 480<\/td>\n<td width=\"48\">256MB<\/td>\n<td width=\"44\">3<\/td>\n<td width=\"38\">2<\/td>\n<td width=\"52\">1<\/td>\n<td width=\"116\">196 x 136 x 39<\/td>\n<td width=\"118\">186.6 x 126<\/td>\n<\/tr>\n<tr>\n<td>DOP-110CS<\/td>\n<td width=\"56\">10,1\u2033<\/td>\n<td width=\"71\">1024 x 600<\/td>\n<td width=\"48\">256MB<\/td>\n<td width=\"44\">3<\/td>\n<td width=\"38\">2<\/td>\n<td width=\"52\">0<\/td>\n<td width=\"116\">272 x 200 x 61<\/td>\n<td width=\"118\">261.3 x 189.3<\/td>\n<\/tr>\n<tr>\n<td>DOP-110IS<\/td>\n<td width=\"56\">10,1\u2033<\/td>\n<td width=\"71\">1024 x 600<\/td>\n<td width=\"48\">256MB<\/td>\n<td width=\"44\">3<\/td>\n<td width=\"38\">2<\/td>\n<td width=\"52\">1<\/td>\n<td width=\"116\">272.6 x 200.6 x 54<\/td>\n<td width=\"118\">261.3 x 189.3<\/td>\n<\/tr>\n<tr>\n<td>DOP-110WS<\/td>\n<td width=\"56\">10,1\u2033<\/td>\n<td width=\"71\">1024 x 600<\/td>\n<td width=\"48\">256MB<\/td>\n<td width=\"44\">3<\/td>\n<td width=\"38\">2<\/td>\n<td width=\"52\">1<\/td>\n<td width=\"116\">270 x 180.9 x 48<\/td>\n<td width=\"118\">255 x 170<\/td>\n<\/tr>\n<tr>\n<td>DOP-W127B<\/td>\n<td width=\"56\">12\u2033<\/td>\n<td width=\"71\">1024 x 768<\/td>\n<td width=\"48\">256MB<\/td>\n<td width=\"44\">2<\/td>\n<td width=\"38\">3<\/td>\n<td width=\"52\">2<\/td>\n<td width=\"116\">313 \u00d7 239.5 \u00d7 67<\/td>\n<td width=\"118\">302.7 \u00d7 228.7<\/td>\n<\/tr>\n<tr>\n<td>DOP-W157B<\/td>\n<td width=\"56\">15\u2033<\/td>\n<td width=\"71\">1024 x 768<\/td>\n<td width=\"48\">256MB<\/td>\n<td width=\"44\">2<\/td>\n<td width=\"38\">3<\/td>\n<td width=\"52\">2<\/td>\n<td width=\"116\">384.4 \u00d7 295.8 \u00d7 68<\/td>\n<td width=\"118\">372.4 \u00d7 283.7<\/td>\n<\/tr>\n<\/tbody>\n<\/table>\n<h2>\n\t\tDowload dos Manuais\n\t<\/h2>\n\t\t\t\t<img decoding=\"async\" src=\"https:\/\/valesistemas.net\/wp-content\/uploads\/2020\/12\/DELTA_IA-HMI_DOP-107WV_P_F_20160707-2-300x208.png\" alt=\"DELTA_IA-HMI_DOP-107WV_P_F_20160707 (2)\" itemprop=\"image\" title=\"DELTA_IA-HMI_DOP-107WV_P_F_20160707 (2)\"  \/>\n\t\t<h3>Download Manuais e Software IHM Delta DOP-100<\/h3>\n\t\t\t<a href=\"https:\/\/bp.delta-americas.com\/services\/DownloadCenter2.aspx?secID=8&#038;pid=3&#038;tid=0&#038;CID=06&#038;itemID=060302&#038;typeID=1&#038;downloadID=&#038;title=&#038;dataType=&#038;check=0&#038;hl=en-US\" target=\"_self\" role=\"button\" rel=\"noopener noreferrer\">\n\t\t\t\t\t\t\tDownload\n\t\t\t\t\t<\/a>\n\t\t\t\t<img decoding=\"async\" src=\"https:\/\/valesistemas.net\/wp-content\/uploads\/2020\/12\/DOP-W10_P_45_20140521-300x265.png\" alt=\"DOP-W10_P_45_20140521\" itemprop=\"image\" title=\"DOP-W10_P_45_20140521\"  \/>\n\t\t<h3>Download Manuais e Software IHM Delta DOP-W<\/h3>\n\t\t\t<a href=\"https:\/\/bp.delta-americas.com\/services\/DownloadCenter2.aspx?secID=8&#038;pid=3&#038;tid=0&#038;CID=06&#038;itemID=060302&#038;typeID=1&#038;downloadID=&#038;title=&#038;dataType=&#038;check=0&#038;hl=en-US\" target=\"_self\" role=\"button\" rel=\"noopener noreferrer\">\n\t\t\t\t\t\t\tDownload\n\t\t\t\t\t<\/a>\n","protected":false},"excerpt":{"rendered":"","protected":false},"author":3,"featured_media":0,"parent":0,"menu_order":0,"comment_status":"closed","ping_status":"closed","template":"","meta":{"neve_meta_sidebar":"","neve_meta_container":"","neve_meta_enable_content_width":"","neve_meta_content_width":0,"neve_meta_title_alignment":"","neve_meta_author_avatar":"","neve_post_elements_order":"","neve_meta_disable_header":"","neve_meta_disable_footer":"","neve_meta_disable_title":"","footnotes":""},"class_list":["post-259","page","type-page","status-publish","hentry"],"_links":{"self":[{"href":"https:\/\/valesistemas.net\/index.php?rest_route=\/wp\/v2\/pages\/259","targetHints":{"allow":["GET"]}}],"collection":[{"href":"https:\/\/valesistemas.net\/index.php?rest_route=\/wp\/v2\/pages"}],"about":[{"href":"https:\/\/valesistemas.net\/index.php?rest_route=\/wp\/v2\/types\/page"}],"author":[{"embeddable":true,"href":"https:\/\/valesistemas.net\/index.php?rest_route=\/wp\/v2\/users\/3"}],"replies":[{"embeddable":true,"href":"https:\/\/valesistemas.net\/index.php?rest_route=%2Fwp%2Fv2%2Fcomments&post=259"}],"version-history":[{"count":25,"href":"https:\/\/valesistemas.net\/index.php?rest_route=\/wp\/v2\/pages\/259\/revisions"}],"predecessor-version":[{"id":1006,"href":"https:\/\/valesistemas.net\/index.php?rest_route=\/wp\/v2\/pages\/259\/revisions\/1006"}],"wp:attachment":[{"href":"https:\/\/valesistemas.net\/index.php?rest_route=%2Fwp%2Fv2%2Fmedia&parent=259"}],"curies":[{"name":"wp","href":"https:\/\/api.w.org\/{rel}","templated":true}]}}