{"id":268,"date":"2018-08-13T09:26:04","date_gmt":"2018-08-13T12:26:04","guid":{"rendered":"https:\/\/valesistemas.net\/?page_id=268"},"modified":"2020-12-15T16:48:46","modified_gmt":"2020-12-15T19:48:46","slug":"supervisorio","status":"publish","type":"page","link":"https:\/\/valesistemas.net\/?page_id=268","title":{"rendered":"Supervis\u00f3rio Industrial SCADA"},"content":{"rendered":"<h1>\n\t\tSupervis\u00f3rio Industrial SCADA<br \/>\n\t<\/h1>\n<p>Para ter sucesso em um mercado altamente competitivo, suas f\u00e1bricas, m\u00e1quinas, sistemas e instala\u00e7\u00f5es exigem um gerenciamento mais eficiente para reduzir consumos e aumentar a efici\u00eancia e a capacidade da f\u00e1brica.<\/p>\n<p>O Sistema SCADA (Controle de Supervis\u00e3o e Aquisi\u00e7\u00e3o de Dados) \u00e9 um sistema para coleta de informa\u00e7\u00f5es, monitoramento de dados de tempo real, realiza\u00e7\u00e3o de an\u00e1lises e controle necess\u00e1rios para satisfazer as necessidades de aquisi\u00e7\u00e3o de dados de dispositivos remotos e opera\u00e7\u00f5es de planta de mapeamento.<\/p>\n<p>\t\t\t\t <a href=\"https:\/\/valesistemas.net\/wp-content\/uploads\/2020\/12\/tedianUS.jpg\" target=\"_self\"><br \/>\n\t\t\t\t\t <img loading=\"lazy\" decoding=\"async\" width=\"979\" height=\"658\" src=\"https:\/\/valesistemas.net\/wp-content\/uploads\/2020\/12\/tedianUS.jpg\" alt=\"\" srcset=\"https:\/\/valesistemas.net\/wp-content\/uploads\/2020\/12\/tedianUS.jpg 979w, https:\/\/valesistemas.net\/wp-content\/uploads\/2020\/12\/tedianUS-300x202.jpg 300w, https:\/\/valesistemas.net\/wp-content\/uploads\/2020\/12\/tedianUS-768x516.jpg 768w\" sizes=\"auto, (max-width: 979px) 100vw, 979px\" \/>\t\t\t\t <\/a><\/p>\n<p>O sistema supervis\u00f3rio SCADA (Controle de Supervis\u00e3o e Aquisi\u00e7\u00e3o de Dados) \u00a0\u00e9 um sistema de gerenciamento de automa\u00e7\u00e3o industrial para fornecer controle de sistema em tempo real, coleta de informa\u00e7\u00f5es e realiza\u00e7\u00e3o de an\u00e1lises para monitoramento e controle remoto, implementa\u00e7\u00e3o de gerenciamento de sistema e visualiza\u00e7\u00e3o da linha de produ\u00e7\u00e3o e aumento da efici\u00eancia geral da planta e capacidade.<\/p>\n<p>O sistema de supervis\u00f3rio SCADA pode ser amplamente aplicado em ind\u00fastrias como maquin\u00e1rio, metalurgia, tratamento de \u00e1gua, HVAC, embalagens, controle de aquecimento central, monitoramento ambiental, t\u00eaxteis, gest\u00e3o de energia, transporte, edif\u00edcios inteligentes e outros.<\/p>\n","protected":false},"excerpt":{"rendered":"<p>Supervis\u00f3rio Industrial SCADA Para ter sucesso em um mercado altamente competitivo, suas f\u00e1bricas, m\u00e1quinas, sistemas e instala\u00e7\u00f5es exigem um gerenciamento mais eficiente para reduzir consumos e aumentar a efici\u00eancia e a capacidade da f\u00e1brica. O Sistema SCADA (Controle de Supervis\u00e3o e Aquisi\u00e7\u00e3o de Dados) \u00e9 um sistema para coleta de informa\u00e7\u00f5es, monitoramento de dados de&hellip;&nbsp;<\/p>\n","protected":false},"author":3,"featured_media":0,"parent":0,"menu_order":0,"comment_status":"closed","ping_status":"closed","template":"","meta":{"neve_meta_sidebar":"","neve_meta_container":"","neve_meta_enable_content_width":"","neve_meta_content_width":0,"neve_meta_title_alignment":"","neve_meta_author_avatar":"","neve_post_elements_order":"","neve_meta_disable_header":"","neve_meta_disable_footer":"","neve_meta_disable_title":"","footnotes":""},"class_list":["post-268","page","type-page","status-publish","hentry"],"_links":{"self":[{"href":"https:\/\/valesistemas.net\/index.php?rest_route=\/wp\/v2\/pages\/268","targetHints":{"allow":["GET"]}}],"collection":[{"href":"https:\/\/valesistemas.net\/index.php?rest_route=\/wp\/v2\/pages"}],"about":[{"href":"https:\/\/valesistemas.net\/index.php?rest_route=\/wp\/v2\/types\/page"}],"author":[{"embeddable":true,"href":"https:\/\/valesistemas.net\/index.php?rest_route=\/wp\/v2\/users\/3"}],"replies":[{"embeddable":true,"href":"https:\/\/valesistemas.net\/index.php?rest_route=%2Fwp%2Fv2%2Fcomments&post=268"}],"version-history":[{"count":16,"href":"https:\/\/valesistemas.net\/index.php?rest_route=\/wp\/v2\/pages\/268\/revisions"}],"predecessor-version":[{"id":848,"href":"https:\/\/valesistemas.net\/index.php?rest_route=\/wp\/v2\/pages\/268\/revisions\/848"}],"wp:attachment":[{"href":"https:\/\/valesistemas.net\/index.php?rest_route=%2Fwp%2Fv2%2Fmedia&parent=268"}],"curies":[{"name":"wp","href":"https:\/\/api.w.org\/{rel}","templated":true}]}}